{"id":19,"date":"2020-05-12T09:31:10","date_gmt":"2020-05-12T06:31:10","guid":{"rendered":"http:\/\/localhost\/alefas_lt\/?page_id=19"},"modified":"2021-08-30T11:07:58","modified_gmt":"2021-08-30T08:07:58","slug":"pragmanaujenos","status":"publish","type":"page","link":"https:\/\/alefas.lt\/?page_id=19","title":{"rendered":"Pragma(naujenos)"},"content":{"rendered":"<h2><strong>Buhalterin\u0117s apskaitos ir verslo valdymo program\u0173 paketo \u2018PRAGMA\u2019 naujov\u0117s <\/strong><\/h2>\n<hr \/>\n<h2>PRAGMA32<\/h2>\n<p><span class=\"fontstyle0\">2022.01.01 \u2013 2022.09.22<br \/>\n<\/span><span class=\"fontstyle0\">I. Programos pakeitimai d\u0117l LR \u012fstatym\u0173, VMI nutarim\u0173, Sodros, bank\u0173 ir kt.<br \/>\nreikalavim\u0173 pasikeitim\u0173<br \/>\n<\/span><span class=\"fontstyle2\">\uf0b7 <\/span><span class=\"fontstyle3\">Intrastato ataskaitos I\u0161ve\u017eimui pildymo pakeitimai.<br \/>\n<\/span><span class=\"fontstyle2\">\uf0b7 <\/span><span class=\"fontstyle3\">Pakeitimai susij\u0119 su duomen\u0173 teikimu GPAIS<br \/>\n.<\/span><\/p>\n<hr \/>\n<h2>DU32<\/h2>\n<p><span class=\"fontstyle0\">2022.01.01 \u2013 2022.12.22<br \/>\n<\/span><span class=\"fontstyle0\">I. Programos pakeitimai d\u0117l LR \u012fstatym\u0173, VMI nutarim\u0173, Sodros, bank\u0173 ir kt.<br \/>\nreikalavim\u0173 pasikeitim\u0173<br \/>\n<\/span><span class=\"fontstyle2\">\u2022 <\/span><span class=\"fontstyle3\">Papildymai formuojant duomenis GPM312 deklaracijai \u2013 d\u0117l ma\u017e\u0173j\u0173 bendrij\u0173.<br \/>\n<\/span><span class=\"fontstyle2\">Darbo u\u017emokes\u010dio ataskait\u0173 siuntimas el. pa\u0161tu u\u017ekoduotu PDF failu (galioja tik klientams, dirbantiems su MS Access 2003<br \/>\narba auk\u0161tesne versija).<\/span><\/p>\n<p>&nbsp;<\/p>\n","protected":false},"excerpt":{"rendered":"<p>Buhalterin\u0117s apskaitos ir verslo valdymo program\u0173 paketo \u2018PRAGMA\u2019 naujov\u0117s PRAGMA32 2022.01.01 \u2013 2022.09.22 I. Programos pakeitimai d\u0117l LR \u012fstatym\u0173, VMI nutarim\u0173, Sodros, bank\u0173 ir kt. reikalavim\u0173 pasikeitim\u0173 \uf0b7 Intrastato ataskaitos I\u0161ve\u017eimui pildymo pakeitimai. \uf0b7 Pakeitimai susij\u0119 su duomen\u0173 teikimu GPAIS <a href=\"https:\/\/alefas.lt\/?page_id=19\" class=\"read-more\">Read More &#8230;<\/a><\/p>\n","protected":false},"author":1,"featured_media":0,"parent":0,"menu_order":2,"comment_status":"closed","ping_status":"closed","template":"","meta":{"footnotes":""},"_links":{"self":[{"href":"https:\/\/alefas.lt\/index.php?rest_route=\/wp\/v2\/pages\/19"}],"collection":[{"href":"https:\/\/alefas.lt\/index.php?rest_route=\/wp\/v2\/pages"}],"about":[{"href":"https:\/\/alefas.lt\/index.php?rest_route=\/wp\/v2\/types\/page"}],"author":[{"embeddable":true,"href":"https:\/\/alefas.lt\/index.php?rest_route=\/wp\/v2\/users\/1"}],"replies":[{"embeddable":true,"href":"https:\/\/alefas.lt\/index.php?rest_route=%2Fwp%2Fv2%2Fcomments&post=19"}],"version-history":[{"count":4,"href":"https:\/\/alefas.lt\/index.php?rest_route=\/wp\/v2\/pages\/19\/revisions"}],"predecessor-version":[{"id":60,"href":"https:\/\/alefas.lt\/index.php?rest_route=\/wp\/v2\/pages\/19\/revisions\/60"}],"wp:attachment":[{"href":"https:\/\/alefas.lt\/index.php?rest_route=%2Fwp%2Fv2%2Fmedia&parent=19"}],"curies":[{"name":"wp","href":"https:\/\/api.w.org\/{rel}","templated":true}]}}