{"id":15,"date":"2020-05-12T09:27:26","date_gmt":"2020-05-12T06:27:26","guid":{"rendered":"http:\/\/localhost\/alefas_lt\/?page_id=15"},"modified":"2020-05-13T11:56:47","modified_gmt":"2020-05-13T08:56:47","slug":"produktai","status":"publish","type":"page","link":"https:\/\/alefas.lt\/?page_id=15","title":{"rendered":"Produktai"},"content":{"rendered":"<p><img loading=\"lazy\" decoding=\"async\" class=\"wp-image-45\" src=\"http:\/\/www.alefas.lt\/wp-content\/images\/pragbox2-1.jpg\" alt=\"\" width=\"149\" height=\"163\" \/><\/p>\n\n<table id=\"tablepress-2\" class=\"tablepress tablepress-id-2\">\n<thead>\n<tr class=\"row-1\">\n\t<th class=\"column-1\">Programin\u0117s \u012frangos licencijos<\/th><th class=\"column-2\">Kaina<\/th>\n<\/tr>\n<\/thead>\n<tbody class=\"row-striping row-hover\">\n<tr class=\"row-2\">\n\t<td class=\"column-1\">  Pragma 3.2 (pilnas programos paketas)   (Pirmini\u0173 dokument\u0173 paruo\u0161imas ir registravimas, \u016bkini\u0173 operacij\u0173 apskaita litais ir valiuta, u\u017esakym\u0173 formavimas, atsarg\u0173, skol\u0173 ir \u012fsiskolinim\u0173 sekimas, finansin\u0117s ir mokestin\u0117s atskaitomyb\u0117s dokument\u0173 paruo\u0161imas, darbo u\u017emokes\u010dio, ilgalaikio turto apskaita,    ry\u0161ys su filialais, finansin\u0117 analiz\u0117, valdymo apskaita) <\/td><td class=\"column-2\">1000 \u20ac <\/td>\n<\/tr>\n<tr class=\"row-3\">\n\t<td class=\"column-1\">Pragma 3.2 moduliai (perkant ne piln\u0105 paket\u0105)<\/td><td class=\"column-2\"><\/td>\n<\/tr>\n<tr class=\"row-4\">\n\t<td class=\"column-1\">Atsarg\u0173 apskaita <\/td><td class=\"column-2\">450 \u20ac <\/td>\n<\/tr>\n<tr class=\"row-5\">\n\t<td class=\"column-1\">Buhalterin\u0117 apskaita<\/td><td class=\"column-2\">350 \u20ac <\/td>\n<\/tr>\n<tr class=\"row-6\">\n\t<td class=\"column-1\">Darbo u\u017emokes\u010dio apskaita<\/td><td class=\"column-2\">600 \u20ac <\/td>\n<\/tr>\n<tr class=\"row-7\">\n\t<td class=\"column-1\">  Ilgalaikio turto apskaita<\/td><td class=\"column-2\">300 \u20ac <\/td>\n<\/tr>\n<tr class=\"row-8\">\n\t<td class=\"column-1\">Ry\u0161ys su filialais<\/td><td class=\"column-2\">150 \u20ac <\/td>\n<\/tr>\n<tr class=\"row-9\">\n\t<td class=\"column-1\">Grafinis duomen\u0173 vaizdavimas ir finansin\u0117 analiz\u0117<\/td><td class=\"column-2\">150 \u20ac <\/td>\n<\/tr>\n<tr class=\"row-10\">\n\t<td class=\"column-1\">Papildomi moduliai, i\u0161ple\u010diantys Pragma 3.2 funkcionalum\u0105<\/td><td class=\"column-2\"><\/td>\n<\/tr>\n<tr class=\"row-11\">\n\t<td class=\"column-1\">Gamybos apskaita<\/td><td class=\"column-2\">300 \u20ac <\/td>\n<\/tr>\n<tr class=\"row-12\">\n\t<td class=\"column-1\">Gamybos operacij\u0173 apskaita<\/td><td class=\"column-2\">250 \u20ac <\/td>\n<\/tr>\n<tr class=\"row-13\">\n\t<td class=\"column-1\">Kasos aparato duomen\u0173 apdorojimas<\/td><td class=\"column-2\">150 \u20ac <\/td>\n<\/tr>\n<tr class=\"row-14\">\n\t<td class=\"column-1\">Kuro apskaita<\/td><td class=\"column-2\">150 \u20ac <\/td>\n<\/tr>\n<tr class=\"row-15\">\n\t<td class=\"column-1\">Kontakt\u0173 su klientais registravimas<\/td><td class=\"column-2\">120 \u20ac <\/td>\n<\/tr>\n<tr class=\"row-16\">\n\t<td class=\"column-1\">Sutar\u010di\u0173 modulis<\/td><td class=\"column-2\">150 \u20ac <\/td>\n<\/tr>\n<tr class=\"row-17\">\n\t<td class=\"column-1\"> Universalus duomen\u0173, priderint\u0173 prie Pragma 3.2 duomen\u0173 strukt\u016bros, importo i\u0161 i\u0161orini\u0173 program\u0173 modulis<\/td><td class=\"column-2\">450 \u20ac <\/td>\n<\/tr>\n<tr class=\"row-18\">\n\t<td class=\"column-1\">E.S\u0105skaitos modulis<\/td><td class=\"column-2\">450 \u20ac <\/td>\n<\/tr>\n<tr class=\"row-19\">\n\t<td class=\"column-1\">Ry\u0161io su EDISoft modulis<\/td><td class=\"column-2\">600 \u20ac <\/td>\n<\/tr>\n<tr class=\"row-20\">\n\t<td class=\"column-1\">Papildoma Pragma 3.2 darbo vieta     (suteikia teis\u0119 naudotis visais \u012fsigytais programos moduliais tik be sand\u0117lio liku\u010di\u0173 fiksavimo galimyb\u0117s) <\/td><td class=\"column-2\">250 \u20ac <\/td>\n<\/tr>\n<\/tbody>\n<\/table>\n<!-- #tablepress-2 from cache -->\n","protected":false},"excerpt":{"rendered":"","protected":false},"author":2,"featured_media":0,"parent":0,"menu_order":1,"comment_status":"closed","ping_status":"closed","template":"","meta":{"footnotes":""},"class_list":["post-15","page","type-page","status-publish","hentry"],"_links":{"self":[{"href":"https:\/\/alefas.lt\/index.php?rest_route=\/wp\/v2\/pages\/15","targetHints":{"allow":["GET"]}}],"collection":[{"href":"https:\/\/alefas.lt\/index.php?rest_route=\/wp\/v2\/pages"}],"about":[{"href":"https:\/\/alefas.lt\/index.php?rest_route=\/wp\/v2\/types\/page"}],"author":[{"embeddable":true,"href":"https:\/\/alefas.lt\/index.php?rest_route=\/wp\/v2\/users\/2"}],"replies":[{"embeddable":true,"href":"https:\/\/alefas.lt\/index.php?rest_route=%2Fwp%2Fv2%2Fcomments&post=15"}],"version-history":[{"count":1,"href":"https:\/\/alefas.lt\/index.php?rest_route=\/wp\/v2\/pages\/15\/revisions"}],"predecessor-version":[{"id":18,"href":"https:\/\/alefas.lt\/index.php?rest_route=\/wp\/v2\/pages\/15\/revisions\/18"}],"wp:attachment":[{"href":"https:\/\/alefas.lt\/index.php?rest_route=%2Fwp%2Fv2%2Fmedia&parent=15"}],"curies":[{"name":"wp","href":"https:\/\/api.w.org\/{rel}","templated":true}]}}